{"id":1346,"date":"2020-01-10T02:51:18","date_gmt":"2020-01-10T02:51:18","guid":{"rendered":"https:\/\/demosoledad.pencidesign.net\/soledad-psychologist-multipurpose\/?page_id=8"},"modified":"2025-04-30T13:40:14","modified_gmt":"2025-04-30T11:40:14","slug":"service","status":"publish","type":"page","link":"https:\/\/projektmotylarnia.pl\/index.php\/service\/","title":{"rendered":"Oferta"},"content":{"rendered":"\t\t<div data-elementor-type=\"wp-page\" data-elementor-id=\"1346\" class=\"elementor elementor-1346\">\n\t\t\t\t\t\t<section class=\"penci-section penci-dmcheck penci-elbg-activate penci-disSticky penci-structure-10 elementor-section elementor-top-section elementor-element elementor-element-13684f9 elementor-section-boxed elementor-section-height-default elementor-section-height-default\" data-id=\"13684f9\" data-element_type=\"section\" data-settings=\"{&quot;background_background&quot;:&quot;classic&quot;}\">\n\t\t\t\t\t\t<div class=\"elementor-container elementor-column-gap-extended\">\n\t\t\t\t\t<div class=\"penci-ercol-100 penci-ercol-order-1 penci-sticky-ct    elementor-column elementor-col-100 elementor-top-column elementor-element elementor-element-aea5a97\" data-id=\"aea5a97\" data-element_type=\"column\">\n\t\t\t<div class=\"elementor-widget-wrap elementor-element-populated\">\n\t\t\t\t\t\t<div class=\"elementor-element elementor-element-1f07954 elementor-widget elementor-widget-penci-fancy_heading\" data-id=\"1f07954\" data-element_type=\"widget\" data-widget_type=\"penci-fancy_heading.default\">\n\t\t\t\t<div class=\"elementor-widget-container\">\n\t\t\t\t\t<div class=\"penci-fancy-heading penci-heading-text-left\">\n\t\t\t<div class=\"penci-fancy-heading-inner\">\n\t\t\t\t<h2 class=\"penci-heading-title\"><span class=\"inner-tit\">Projekt Motylarnia<\/span><\/h2><div class=\"penci-heading-content entry-content\"><p>Powsta\u0142 z kombinacji w\u0142asnej pasji do rozwoju i pracy coachingowej, ch\u0119ci wspierania Ciebie w Twojej zmianie oraz jednoczesnym wspieraniu innych, kt\u00f3rzy nie z w\u0142asnego wyboru znale\u017ali si\u0119 w trudnych sytuacjach. A tak\u017ce troszeczk\u0119 z zami\u0142owania do projekt\u00f3w \ud83d\ude09<br \/>\nJest to projekt non-profit, co oznacza, \u017ce wynagrodzenie za nasz\u0105 wsp\u00f3\u0142prac\u0119 idzie w pe\u0142ni na zbi\u00f3rki charytatywne, kt\u00f3re sam\/a wybierzesz.<br \/>\nInwestuj\u0105c w sw\u00f3j rozw\u00f3j robisz podw\u00f3jne dobro, wspieraj\u0105c nie tylko siebie ale te\u017c innych!<\/p>\n<\/div>\t\t\t<\/div>\n\t\t<\/div>\n\t\t\t\t<\/div>\n\t\t\t\t<\/div>\n\t\t\t\t\t<\/div>\n\t\t<\/div>\n\t\t\t\t\t<\/div>\n\t\t<\/section>\n\t\t\t\t<section class=\"penci-section penci-disSticky penci-structure-20 elementor-section elementor-top-section elementor-element elementor-element-cbed2e5 elementor-section-boxed elementor-section-height-default elementor-section-height-default\" data-id=\"cbed2e5\" data-element_type=\"section\">\n\t\t\t\t\t\t<div class=\"elementor-container elementor-column-gap-extended\">\n\t\t\t\t\t<div class=\"penci-ercol-50 penci-ercol-order-1 penci-sticky-ct    elementor-column elementor-col-50 elementor-top-column elementor-element elementor-element-312242f4\" data-id=\"312242f4\" data-element_type=\"column\">\n\t\t\t<div class=\"elementor-widget-wrap elementor-element-populated\">\n\t\t\t\t\t\t<div class=\"elementor-element elementor-element-5b635129 elementor-widget elementor-widget-penci-fancy_heading\" data-id=\"5b635129\" data-element_type=\"widget\" data-widget_type=\"penci-fancy_heading.default\">\n\t\t\t\t<div class=\"elementor-widget-container\">\n\t\t\t\t\t<div class=\"penci-fancy-heading penci-heading-text-left\">\n\t\t\t<div class=\"penci-fancy-heading-inner\">\n\t\t\t\t<h2 class=\"penci-heading-title\"><span class=\"inner-tit\">Co zyskujesz wybieraj\u0105c coaching ze mn\u0105?<\/span><\/h2><div class=\"penci-heading-content entry-content\"><p>Profesjonalne wsparcie w Twojej zmianie, decyzji, pracy nad Twoim tematem b\u0105d\u017a problemem w atrakcyjnej cenie<\/p>\n<p>Pomoc w okre\u015blenie Twoich d\u0105\u017ce\u0144 i celu<\/p>\n<p>Dobre przygotowanie do podj\u0119cia decyzji o zmianie\/dzia\u0142aniach<\/p>\n<p>Pe\u0142na autonomia i sprawczo\u015b\u0107 w tworzeniu\/wybieraniu rozwi\u0105za\u0144<\/p>\n<p>Dobre zrozumienie Twoich zasob\u00f3w - w oparciu o nie b\u0119dziemy dzia\u0142a\u0107<\/p>\n<p>Poszerzenie perspektywy<\/p>\n<p>Mo\u017cliwo\u015b\u0107 poszerzenia Twoich kompetencji<\/p>\n<p>Lepsze zrozumienie Twoich motywacji, dzia\u0142a\u0144<\/p>\n<p>Mo\u017cliwo\u015b\u0107 wsparcia Potrzebuj\u0105cych za  \"jednym wydatkiem\"<\/p>\n<\/div>\t\t\t<\/div>\n\t\t<\/div>\n\t\t\t\t<\/div>\n\t\t\t\t<\/div>\n\t\t\t\t<div class=\"elementor-element elementor-element-60a70b51 elementor-widget elementor-widget-penci-fancy_heading\" data-id=\"60a70b51\" data-element_type=\"widget\" data-widget_type=\"penci-fancy_heading.default\">\n\t\t\t\t<div class=\"elementor-widget-container\">\n\t\t\t\t\t<div class=\"penci-fancy-heading penci-heading-text-left\">\n\t\t\t<div class=\"penci-fancy-heading-inner\">\n\t\t\t\t<h2 class=\"penci-heading-title\"><span class=\"inner-tit\">Jak to dzia\u0142a?<\/span><\/h2><div class=\"penci-heading-content entry-content\"><p>Um\u00f3w sesj\u0119 coachingow\u0105 przy u\u017cyciu formularza b\u0105d\u017a napisz do mnie<\/p>\n<p>Dokonaj przelewu na wybran\u0105 przez Ciebie zbi\u00f3rk\u0119 zgodnie z opcj\u0105 jak\u0105 wybra\u0142a\u015b\/wybra\u0142e\u015b<\/p>\n<p>Je\u015bli masz pytania zanim wybierzesz kt\u00f3r\u0105\u015b z opcji, skontaktuj si\u0119 ze mn\u0105<\/p>\n<\/div>\t\t\t<\/div>\n\t\t<\/div>\n\t\t\t\t<\/div>\n\t\t\t\t<\/div>\n\t\t\t\t\t<\/div>\n\t\t<\/div>\n\t\t\t\t<div class=\"penci-ercol-50 penci-ercol-order-2 penci-sticky-ct    elementor-column elementor-col-50 elementor-top-column elementor-element elementor-element-7575768d\" data-id=\"7575768d\" data-element_type=\"column\">\n\t\t\t<div class=\"elementor-widget-wrap elementor-element-populated\">\n\t\t\t\t\t\t<div class=\"elementor-element elementor-element-10904d4d elementor-widget elementor-widget-image\" data-id=\"10904d4d\" data-element_type=\"widget\" data-widget_type=\"image.default\">\n\t\t\t\t<div class=\"elementor-widget-container\">\n\t\t\t\t\t\t\t\t\t\t<figure class=\"wp-caption\">\n\t\t\t\t\t\t\t\t\t\t<img fetchpriority=\"high\" decoding=\"async\" width=\"826\" height=\"1024\" src=\"https:\/\/projektmotylarnia.pl\/wp-content\/uploads\/2024\/08\/yuichi-kageyama-4ByFHyNdoD4-unsplash-826x1024.jpg\" class=\"attachment-large size-large wp-image-1532\" alt=\"\" srcset=\"https:\/\/projektmotylarnia.pl\/wp-content\/uploads\/2024\/08\/yuichi-kageyama-4ByFHyNdoD4-unsplash-826x1024.jpg 826w, https:\/\/projektmotylarnia.pl\/wp-content\/uploads\/2024\/08\/yuichi-kageyama-4ByFHyNdoD4-unsplash-242x300.jpg 242w, https:\/\/projektmotylarnia.pl\/wp-content\/uploads\/2024\/08\/yuichi-kageyama-4ByFHyNdoD4-unsplash-768x952.jpg 768w, https:\/\/projektmotylarnia.pl\/wp-content\/uploads\/2024\/08\/yuichi-kageyama-4ByFHyNdoD4-unsplash-1239x1536.jpg 1239w, https:\/\/projektmotylarnia.pl\/wp-content\/uploads\/2024\/08\/yuichi-kageyama-4ByFHyNdoD4-unsplash-1652x2048.jpg 1652w, https:\/\/projektmotylarnia.pl\/wp-content\/uploads\/2024\/08\/yuichi-kageyama-4ByFHyNdoD4-unsplash-1920x2380.jpg 1920w, https:\/\/projektmotylarnia.pl\/wp-content\/uploads\/2024\/08\/yuichi-kageyama-4ByFHyNdoD4-unsplash-1170x1450.jpg 1170w, https:\/\/projektmotylarnia.pl\/wp-content\/uploads\/2024\/08\/yuichi-kageyama-4ByFHyNdoD4-unsplash-585x725.jpg 585w\" sizes=\"(max-width: 826px) 100vw, 826px\" \/>\t\t\t\t\t\t\t\t\t\t\t<figcaption class=\"widget-image-caption wp-caption-text\">Fot. Yuichi Kageyama<\/figcaption>\n\t\t\t\t\t\t\t\t\t\t<\/figure>\n\t\t\t\t\t\t\t<\/div>\n\t\t\t\t<\/div>\n\t\t\t\t\t<\/div>\n\t\t<\/div>\n\t\t\t\t\t<\/div>\n\t\t<\/section>\n\t\t\t\t<section class=\"penci-section penci-dmcheck penci-elbg-activate penci-disSticky penci-structure-10 elementor-section elementor-top-section elementor-element elementor-element-969a94f elementor-section-boxed elementor-section-height-default elementor-section-height-default\" data-id=\"969a94f\" data-element_type=\"section\" data-settings=\"{&quot;background_background&quot;:&quot;classic&quot;}\">\n\t\t\t\t\t\t<div class=\"elementor-container elementor-column-gap-no\">\n\t\t\t\t\t<div class=\"penci-ercol-100 penci-ercol-order-1 penci-sticky-ct    elementor-column elementor-col-100 elementor-top-column elementor-element elementor-element-dcf81c8\" data-id=\"dcf81c8\" data-element_type=\"column\">\n\t\t\t<div class=\"elementor-widget-wrap elementor-element-populated\">\n\t\t\t\t\t\t<div class=\"elementor-element elementor-element-30622d8 elementor-widget elementor-widget-penci-fancy_heading\" data-id=\"30622d8\" data-element_type=\"widget\" data-widget_type=\"penci-fancy_heading.default\">\n\t\t\t\t<div class=\"elementor-widget-container\">\n\t\t\t\t\t<div class=\"penci-fancy-heading penci-heading-text-center\">\n\t\t\t<div class=\"penci-fancy-heading-inner\">\n\t\t\t\t<h2 class=\"penci-heading-title\"><span class=\"inner-tit\">Oferta<\/span><\/h2><div class=\"penci-heading-content entry-content\"><p>Podane kwoty s\u0105 kwotami minimalnymi. Ty decydujesz jak\u0105 kwot\u0119 przeznaczysz na dan\u0105 zbi\u00f3rk\u0119 przy zachowaniu kwoty minimalnej<\/p>\n<\/div>\t\t\t<\/div>\n\t\t<\/div>\n\t\t\t\t<\/div>\n\t\t\t\t<\/div>\n\t\t\t\t<section class=\"penci-section penci-disSticky penci-structure-30 elementor-section elementor-inner-section elementor-element elementor-element-ea9e2b4 elementor-section-boxed elementor-section-height-default elementor-section-height-default\" data-id=\"ea9e2b4\" data-element_type=\"section\">\n\t\t\t\t\t\t<div class=\"elementor-container elementor-column-gap-extended\">\n\t\t\t\t\t<div class=\"penci-ercol-33 penci-ercol-order-1 penci-sticky-sb penci-sidebarSC   elementor-column elementor-col-33 elementor-inner-column elementor-element elementor-element-0a6d0ed\" data-id=\"0a6d0ed\" data-element_type=\"column\">\n\t\t\t<div class=\"elementor-widget-wrap elementor-element-populated\">\n\t\t\t\t\t\t<div class=\"elementor-element elementor-element-5b9f695 elementor-widget elementor-widget-penci-pricing-table\" data-id=\"5b9f695\" data-element_type=\"widget\" data-widget_type=\"penci-pricing-table.default\">\n\t\t\t\t<div class=\"elementor-widget-container\">\n\t\t\t        <div class=\"penci-block-vc penci-pricing-table penci-pricing-item penci-pricing-f-hheight penci-pricing-btn-below penci-pricing-s2\">\n\t\t\t            <div class=\"penci-block_content penci-pricing-inner\">\n\t\t\t\t<div class=\"penci-pricing-header\"><div class=\"penci-pricing-title\">Sesja 0<\/div><\/div><div class=\"penci-price-unit\"><span class=\"penci-pricing-price\">Gratis<\/span><span class=\"penci-pricing-unit\">za 60 min<\/span><\/div><div class=\"penci-pricing-featured\"><p>Rozmawiamy wst\u0119pnie o Twoim temacie, celu i efektach jakie chcesz osi\u0105gn\u0105\u0107<\/p>\n<p>To dobra okazja by do\u015bwiadczy\u0107 coachingu i podj\u0105\u0107 decyzj\u0119 co do dalszej wsp\u00f3\u0142pracy\u00a0<\/p>\n<\/div>            <\/div>\n        <\/div>\n\t\t\t\t<\/div>\n\t\t\t\t<\/div>\n\t\t\t\t\t<\/div>\n\t\t<\/div>\n\t\t\t\t<div class=\"penci-ercol-33 penci-ercol-order-2 penci-sticky-sb penci-sidebarSC   elementor-column elementor-col-33 elementor-inner-column elementor-element elementor-element-0d1d3bd\" data-id=\"0d1d3bd\" data-element_type=\"column\">\n\t\t\t<div class=\"elementor-widget-wrap elementor-element-populated\">\n\t\t\t\t\t\t<div class=\"elementor-element elementor-element-f57d8fb elementor-widget elementor-widget-penci-pricing-table\" data-id=\"f57d8fb\" data-element_type=\"widget\" data-widget_type=\"penci-pricing-table.default\">\n\t\t\t\t<div class=\"elementor-widget-container\">\n\t\t\t        <div class=\"penci-block-vc penci-pricing-table penci-pricing-item penci-pricing-f-hheight penci-pricing-btn-below penci-pricing-s2\">\n\t\t\t            <div class=\"penci-block_content penci-pricing-inner\">\n\t\t\t\t<div class=\"penci-pricing-header\"><div class=\"penci-pricing-title\">Pakiet 5 sesji coachingowych<\/div><\/div><div class=\"penci-price-unit\"><span class=\"penci-pricing-price\">80 z\u0142<\/span><span class=\"penci-pricing-unit\">za 60 min<\/span><\/div><div class=\"penci-pricing-featured\"><p>Zmiana jest procesem st\u0105d te\u017c wymaga d\u0142u\u017cszego wsparcia. Wybierz t\u0119 opcj\u0119 je\u015bli np.:<\/p>\n<p>Masz w g\u0142owie wizj\u0119 i potrzebujesz wsparcia w realizacji<\/p>\n<p>Marzy Ci si\u0119 zmiana i szukasz wsparcia w okre\u015bleniu kierunku, wizji<\/p>\n<p>Czujesz, \u017ce Tw\u00f3j temat wymaga d\u0142u\u017cszego wsparcia<\/p>\n<\/div>            <\/div>\n        <\/div>\n\t\t\t\t<\/div>\n\t\t\t\t<\/div>\n\t\t\t\t\t<\/div>\n\t\t<\/div>\n\t\t\t\t<div class=\"penci-ercol-33 penci-ercol-order-3 penci-sticky-sb penci-sidebarSC   elementor-column elementor-col-33 elementor-inner-column elementor-element elementor-element-ef3695d\" data-id=\"ef3695d\" data-element_type=\"column\">\n\t\t\t<div class=\"elementor-widget-wrap elementor-element-populated\">\n\t\t\t\t\t\t<div class=\"elementor-element elementor-element-3948cff elementor-widget elementor-widget-penci-pricing-table\" data-id=\"3948cff\" data-element_type=\"widget\" data-widget_type=\"penci-pricing-table.default\">\n\t\t\t\t<div class=\"elementor-widget-container\">\n\t\t\t        <div class=\"penci-block-vc penci-pricing-table penci-pricing-item penci-pricing-f-hheight penci-pricing-btn-below penci-pricing-s2\">\n\t\t\t            <div class=\"penci-block_content penci-pricing-inner\">\n\t\t\t\t<div class=\"penci-pricing-header\"><div class=\"penci-pricing-title\">Indywidualna sesja coachingowa<\/div><\/div><div class=\"penci-price-unit\"><span class=\"penci-pricing-price\">100 z\u0142<\/span><span class=\"penci-pricing-unit\">za 60 min<\/span><\/div><div class=\"penci-pricing-featured\"><p>Jednorazowa sesja, np. w przypadku kiedy:<\/p>\n<p>Masz decyzj\u0119 do podj\u0119cia i chcesz poszerzy\u0107 Twoj\u0105 perspektyw\u0119<\/p>\n<p>Chcesz przemy\u015ble\u0107 jaki\u015b temat, pouk\u0142ada\u0107 go w g\u0142owie<\/p>\n<p>Chcesz do\u015bwiadczy\u0107 tego typu wsparcia<\/p>\n<\/div>            <\/div>\n        <\/div>\n\t\t\t\t<\/div>\n\t\t\t\t<\/div>\n\t\t\t\t<div class=\"elementor-element elementor-element-172789d elementor-widget elementor-widget-penci-pricing-table\" data-id=\"172789d\" data-element_type=\"widget\" data-widget_type=\"penci-pricing-table.default\">\n\t\t\t\t<div class=\"elementor-widget-container\">\n\t\t\t        <div class=\"penci-block-vc penci-pricing-table penci-pricing-item penci-pricing-f-hheight penci-pricing-btn-below penci-pricing-s2\">\n\t\t\t            <div class=\"penci-block_content penci-pricing-inner\">\n\t\t\t\t<div class=\"penci-pricing-header\"><div class=\"penci-pricing-title\">Konsultacja antywypaleniowa<\/div><\/div><div class=\"penci-price-unit\"><span class=\"penci-pricing-price\">150<\/span><span class=\"penci-pricing-unit\">za 90 min<\/span><\/div><div class=\"penci-pricing-featured\"><p>Pierwsza konsultacja maj\u0105ca na celu wst\u0119pn\u0105 diagnoz\u0119 na podstawie:<\/p>\n<p>Poszerzonego wywiadu historii zatrudnienia, wyzwa\u0144 itp.<\/p>\n<p>Test\u00f3w Maslach Burnout Toolkit zawieraj\u0105cych 2 cz\u0119\u015bci: Maslach Burnout Inventory (MBI), badaj\u0105cy rodzaj i g\u0142\u0119boko\u015b\u0107 wypalenia\u00a0 i Areas of Worklife Survey (AWS) badaj\u0105cy przyczyny wypalenia w \u015brodowisku pracy<\/p>\n<p>Omawiamy wst\u0119pny plan dzia\u0142ania kr\u00f3tko- i d\u0142ugoterminowego<\/p>\n<\/div>            <\/div>\n        <\/div>\n\t\t\t\t<\/div>\n\t\t\t\t<\/div>\n\t\t\t\t\t<\/div>\n\t\t<\/div>\n\t\t\t\t\t<\/div>\n\t\t<\/section>\n\t\t\t\t\t<\/div>\n\t\t<\/div>\n\t\t\t\t\t<\/div>\n\t\t<\/section>\n\t\t\t\t<\/div>\n\t\t","protected":false},"excerpt":{"rendered":"<p>Projekt Motylarnia Powsta\u0142 z kombinacji w\u0142asnej pasji do rozwoju i pracy coachingowej, ch\u0119ci wspierania Ciebie w Twojej zmianie oraz jednoczesnym wspieraniu innych, kt\u00f3rzy nie z w\u0142asnego wyboru znale\u017ali si\u0119 w&hellip;<\/p>\n","protected":false},"author":1,"featured_media":0,"parent":0,"menu_order":0,"comment_status":"closed","ping_status":"closed","template":"","meta":{"_lmt_disableupdate":"","_lmt_disable":"","footnotes":""},"class_list":["post-1346","page","type-page","status-publish","hentry"],"yoast_head":"<!-- This site is optimized with the Yoast SEO plugin v23.6 - https:\/\/yoast.com\/wordpress\/plugins\/seo\/ -->\n<title>Oferta - Magdalena Machowska - Coach - projektmotylarnia.pl<\/title>\n<meta name=\"robots\" content=\"index, follow, max-snippet:-1, max-image-preview:large, max-video-preview:-1\" \/>\n<link rel=\"canonical\" href=\"https:\/\/projektmotylarnia.pl\/index.php\/service\/\" \/>\n<meta property=\"og:locale\" content=\"pl_PL\" \/>\n<meta property=\"og:type\" content=\"article\" \/>\n<meta property=\"og:title\" content=\"Oferta - Magdalena Machowska - Coach - projektmotylarnia.pl\" \/>\n<meta property=\"og:description\" content=\"Projekt Motylarnia Powsta\u0142 z kombinacji w\u0142asnej pasji do rozwoju i pracy coachingowej, ch\u0119ci wspierania Ciebie w Twojej zmianie oraz jednoczesnym wspieraniu innych, kt\u00f3rzy nie z w\u0142asnego wyboru znale\u017ali si\u0119 w&hellip;\" \/>\n<meta property=\"og:url\" content=\"https:\/\/projektmotylarnia.pl\/index.php\/service\/\" \/>\n<meta property=\"og:site_name\" content=\"Magdalena Machowska - Coach - projektmotylarnia.pl\" \/>\n<meta property=\"article:publisher\" content=\"Magda Machowska\" \/>\n<meta property=\"article:modified_time\" content=\"2025-04-30T11:40:14+00:00\" \/>\n<meta property=\"og:image\" content=\"https:\/\/projektmotylarnia.pl\/wp-content\/uploads\/2024\/08\/yuichi-kageyama-4ByFHyNdoD4-unsplash-scaled.jpg\" \/>\n\t<meta property=\"og:image:width\" content=\"2065\" \/>\n\t<meta property=\"og:image:height\" content=\"2560\" \/>\n\t<meta property=\"og:image:type\" content=\"image\/jpeg\" \/>\n<meta name=\"twitter:card\" content=\"summary_large_image\" \/>\n<meta name=\"twitter:label1\" content=\"Szacowany czas czytania\" \/>\n\t<meta name=\"twitter:data1\" content=\"3 minuty\" \/>\n<script type=\"application\/ld+json\" class=\"yoast-schema-graph\">{\"@context\":\"https:\/\/schema.org\",\"@graph\":[{\"@type\":\"WebPage\",\"@id\":\"https:\/\/projektmotylarnia.pl\/index.php\/service\/\",\"url\":\"https:\/\/projektmotylarnia.pl\/index.php\/service\/\",\"name\":\"Oferta - Magdalena Machowska - Coach - projektmotylarnia.pl\",\"isPartOf\":{\"@id\":\"https:\/\/projektmotylarnia.pl\/#website\"},\"primaryImageOfPage\":{\"@id\":\"https:\/\/projektmotylarnia.pl\/index.php\/service\/#primaryimage\"},\"image\":{\"@id\":\"https:\/\/projektmotylarnia.pl\/index.php\/service\/#primaryimage\"},\"thumbnailUrl\":\"https:\/\/projektmotylarnia.pl\/wp-content\/uploads\/2024\/08\/yuichi-kageyama-4ByFHyNdoD4-unsplash-826x1024.jpg\",\"datePublished\":\"2020-01-10T02:51:18+00:00\",\"dateModified\":\"2025-04-30T11:40:14+00:00\",\"breadcrumb\":{\"@id\":\"https:\/\/projektmotylarnia.pl\/index.php\/service\/#breadcrumb\"},\"inLanguage\":\"pl-PL\",\"potentialAction\":[{\"@type\":\"ReadAction\",\"target\":[\"https:\/\/projektmotylarnia.pl\/index.php\/service\/\"]}]},{\"@type\":\"ImageObject\",\"inLanguage\":\"pl-PL\",\"@id\":\"https:\/\/projektmotylarnia.pl\/index.php\/service\/#primaryimage\",\"url\":\"https:\/\/projektmotylarnia.pl\/wp-content\/uploads\/2024\/08\/yuichi-kageyama-4ByFHyNdoD4-unsplash-scaled.jpg\",\"contentUrl\":\"https:\/\/projektmotylarnia.pl\/wp-content\/uploads\/2024\/08\/yuichi-kageyama-4ByFHyNdoD4-unsplash-scaled.jpg\",\"width\":2065,\"height\":2560},{\"@type\":\"BreadcrumbList\",\"@id\":\"https:\/\/projektmotylarnia.pl\/index.php\/service\/#breadcrumb\",\"itemListElement\":[{\"@type\":\"ListItem\",\"position\":1,\"name\":\"Strona g\u0142\u00f3wna\",\"item\":\"https:\/\/projektmotylarnia.pl\/\"},{\"@type\":\"ListItem\",\"position\":2,\"name\":\"Oferta\"}]},{\"@type\":\"WebSite\",\"@id\":\"https:\/\/projektmotylarnia.pl\/#website\",\"url\":\"https:\/\/projektmotylarnia.pl\/\",\"name\":\"Magdalena Machowska - Coach - projektmotylarnia.pl\",\"description\":\"\",\"publisher\":{\"@id\":\"https:\/\/projektmotylarnia.pl\/#\/schema\/person\/af74a6e0b5688a23cda591590b083c1a\"},\"potentialAction\":[{\"@type\":\"SearchAction\",\"target\":{\"@type\":\"EntryPoint\",\"urlTemplate\":\"https:\/\/projektmotylarnia.pl\/?s={search_term_string}\"},\"query-input\":{\"@type\":\"PropertyValueSpecification\",\"valueRequired\":true,\"valueName\":\"search_term_string\"}}],\"inLanguage\":\"pl-PL\"},{\"@type\":[\"Person\",\"Organization\"],\"@id\":\"https:\/\/projektmotylarnia.pl\/#\/schema\/person\/af74a6e0b5688a23cda591590b083c1a\",\"name\":\"Magdalena Machowska\",\"image\":{\"@type\":\"ImageObject\",\"inLanguage\":\"pl-PL\",\"@id\":\"https:\/\/projektmotylarnia.pl\/#\/schema\/person\/image\/\",\"url\":\"https:\/\/projektmotylarnia.pl\/wp-content\/uploads\/2024\/08\/Motylarnia.-7.png\",\"contentUrl\":\"https:\/\/projektmotylarnia.pl\/wp-content\/uploads\/2024\/08\/Motylarnia.-7.png\",\"width\":500,\"height\":81,\"caption\":\"Magdalena Machowska\"},\"logo\":{\"@id\":\"https:\/\/projektmotylarnia.pl\/#\/schema\/person\/image\/\"},\"sameAs\":[\"https:\/\/projektmotylarnia.pl\",\"Magda Machowska\",\"Magda_Machowska_\",\"https:\/\/www.linkedin.com\/in\/magdalena-machowska-she-her-2267b31a9\/?utm_source=share&utm_campaign=share_via&utm_content=profile&utm_medium=android_app\"]}]}<\/script>\n<!-- \/ Yoast SEO plugin. -->","yoast_head_json":{"title":"Oferta - Magdalena Machowska - Coach - projektmotylarnia.pl","robots":{"index":"index","follow":"follow","max-snippet":"max-snippet:-1","max-image-preview":"max-image-preview:large","max-video-preview":"max-video-preview:-1"},"canonical":"https:\/\/projektmotylarnia.pl\/index.php\/service\/","og_locale":"pl_PL","og_type":"article","og_title":"Oferta - Magdalena Machowska - Coach - projektmotylarnia.pl","og_description":"Projekt Motylarnia Powsta\u0142 z kombinacji w\u0142asnej pasji do rozwoju i pracy coachingowej, ch\u0119ci wspierania Ciebie w Twojej zmianie oraz jednoczesnym wspieraniu innych, kt\u00f3rzy nie z w\u0142asnego wyboru znale\u017ali si\u0119 w&hellip;","og_url":"https:\/\/projektmotylarnia.pl\/index.php\/service\/","og_site_name":"Magdalena Machowska - Coach - projektmotylarnia.pl","article_publisher":"Magda Machowska","article_modified_time":"2025-04-30T11:40:14+00:00","og_image":[{"width":2065,"height":2560,"url":"https:\/\/projektmotylarnia.pl\/wp-content\/uploads\/2024\/08\/yuichi-kageyama-4ByFHyNdoD4-unsplash-scaled.jpg","type":"image\/jpeg"}],"twitter_card":"summary_large_image","twitter_misc":{"Szacowany czas czytania":"3 minuty"},"schema":{"@context":"https:\/\/schema.org","@graph":[{"@type":"WebPage","@id":"https:\/\/projektmotylarnia.pl\/index.php\/service\/","url":"https:\/\/projektmotylarnia.pl\/index.php\/service\/","name":"Oferta - Magdalena Machowska - Coach - projektmotylarnia.pl","isPartOf":{"@id":"https:\/\/projektmotylarnia.pl\/#website"},"primaryImageOfPage":{"@id":"https:\/\/projektmotylarnia.pl\/index.php\/service\/#primaryimage"},"image":{"@id":"https:\/\/projektmotylarnia.pl\/index.php\/service\/#primaryimage"},"thumbnailUrl":"https:\/\/projektmotylarnia.pl\/wp-content\/uploads\/2024\/08\/yuichi-kageyama-4ByFHyNdoD4-unsplash-826x1024.jpg","datePublished":"2020-01-10T02:51:18+00:00","dateModified":"2025-04-30T11:40:14+00:00","breadcrumb":{"@id":"https:\/\/projektmotylarnia.pl\/index.php\/service\/#breadcrumb"},"inLanguage":"pl-PL","potentialAction":[{"@type":"ReadAction","target":["https:\/\/projektmotylarnia.pl\/index.php\/service\/"]}]},{"@type":"ImageObject","inLanguage":"pl-PL","@id":"https:\/\/projektmotylarnia.pl\/index.php\/service\/#primaryimage","url":"https:\/\/projektmotylarnia.pl\/wp-content\/uploads\/2024\/08\/yuichi-kageyama-4ByFHyNdoD4-unsplash-scaled.jpg","contentUrl":"https:\/\/projektmotylarnia.pl\/wp-content\/uploads\/2024\/08\/yuichi-kageyama-4ByFHyNdoD4-unsplash-scaled.jpg","width":2065,"height":2560},{"@type":"BreadcrumbList","@id":"https:\/\/projektmotylarnia.pl\/index.php\/service\/#breadcrumb","itemListElement":[{"@type":"ListItem","position":1,"name":"Strona g\u0142\u00f3wna","item":"https:\/\/projektmotylarnia.pl\/"},{"@type":"ListItem","position":2,"name":"Oferta"}]},{"@type":"WebSite","@id":"https:\/\/projektmotylarnia.pl\/#website","url":"https:\/\/projektmotylarnia.pl\/","name":"Magdalena Machowska - Coach - projektmotylarnia.pl","description":"","publisher":{"@id":"https:\/\/projektmotylarnia.pl\/#\/schema\/person\/af74a6e0b5688a23cda591590b083c1a"},"potentialAction":[{"@type":"SearchAction","target":{"@type":"EntryPoint","urlTemplate":"https:\/\/projektmotylarnia.pl\/?s={search_term_string}"},"query-input":{"@type":"PropertyValueSpecification","valueRequired":true,"valueName":"search_term_string"}}],"inLanguage":"pl-PL"},{"@type":["Person","Organization"],"@id":"https:\/\/projektmotylarnia.pl\/#\/schema\/person\/af74a6e0b5688a23cda591590b083c1a","name":"Magdalena Machowska","image":{"@type":"ImageObject","inLanguage":"pl-PL","@id":"https:\/\/projektmotylarnia.pl\/#\/schema\/person\/image\/","url":"https:\/\/projektmotylarnia.pl\/wp-content\/uploads\/2024\/08\/Motylarnia.-7.png","contentUrl":"https:\/\/projektmotylarnia.pl\/wp-content\/uploads\/2024\/08\/Motylarnia.-7.png","width":500,"height":81,"caption":"Magdalena Machowska"},"logo":{"@id":"https:\/\/projektmotylarnia.pl\/#\/schema\/person\/image\/"},"sameAs":["https:\/\/projektmotylarnia.pl","Magda Machowska","Magda_Machowska_","https:\/\/www.linkedin.com\/in\/magdalena-machowska-she-her-2267b31a9\/?utm_source=share&utm_campaign=share_via&utm_content=profile&utm_medium=android_app"]}]}},"_links":{"self":[{"href":"https:\/\/projektmotylarnia.pl\/index.php\/wp-json\/wp\/v2\/pages\/1346","targetHints":{"allow":["GET"]}}],"collection":[{"href":"https:\/\/projektmotylarnia.pl\/index.php\/wp-json\/wp\/v2\/pages"}],"about":[{"href":"https:\/\/projektmotylarnia.pl\/index.php\/wp-json\/wp\/v2\/types\/page"}],"author":[{"embeddable":true,"href":"https:\/\/projektmotylarnia.pl\/index.php\/wp-json\/wp\/v2\/users\/1"}],"replies":[{"embeddable":true,"href":"https:\/\/projektmotylarnia.pl\/index.php\/wp-json\/wp\/v2\/comments?post=1346"}],"version-history":[{"count":79,"href":"https:\/\/projektmotylarnia.pl\/index.php\/wp-json\/wp\/v2\/pages\/1346\/revisions"}],"predecessor-version":[{"id":1930,"href":"https:\/\/projektmotylarnia.pl\/index.php\/wp-json\/wp\/v2\/pages\/1346\/revisions\/1930"}],"wp:attachment":[{"href":"https:\/\/projektmotylarnia.pl\/index.php\/wp-json\/wp\/v2\/media?parent=1346"}],"curies":[{"name":"wp","href":"https:\/\/api.w.org\/{rel}","templated":true}]}}