{"id":12,"date":"2020-01-10T02:52:07","date_gmt":"2020-01-10T02:52:07","guid":{"rendered":"https:\/\/demosoledad.pencidesign.net\/soledad-psychologist-multipurpose\/?page_id=12"},"modified":"2024-09-03T10:48:57","modified_gmt":"2024-09-03T08:48:57","slug":"contact","status":"publish","type":"page","link":"https:\/\/projektmotylarnia.pl\/index.php\/contact\/","title":{"rendered":"Kontakt"},"content":{"rendered":"\t\t<div data-elementor-type=\"wp-page\" data-elementor-id=\"12\" class=\"elementor elementor-12\">\n\t\t\t\t\t\t<section class=\"penci-section penci-dmcheck penci-elbg-activate penci-disSticky penci-structure-10 elementor-section elementor-top-section elementor-element elementor-element-faec739 elementor-section-boxed elementor-section-height-default elementor-section-height-default\" data-id=\"faec739\" data-element_type=\"section\" data-settings=\"{&quot;background_background&quot;:&quot;classic&quot;}\">\n\t\t\t\t\t\t<div class=\"elementor-container elementor-column-gap-extended\">\n\t\t\t\t\t<div class=\"penci-ercol-100 penci-ercol-order-1 penci-sticky-ct    elementor-column elementor-col-100 elementor-top-column elementor-element elementor-element-260bfa3\" data-id=\"260bfa3\" data-element_type=\"column\">\n\t\t\t<div class=\"elementor-widget-wrap elementor-element-populated\">\n\t\t\t\t\t\t<div class=\"elementor-element elementor-element-0ebfaba elementor-widget elementor-widget-penci-fancy_heading\" data-id=\"0ebfaba\" data-element_type=\"widget\" data-widget_type=\"penci-fancy_heading.default\">\n\t\t\t\t<div class=\"elementor-widget-container\">\n\t\t\t\t\t<div class=\"penci-fancy-heading penci-heading-text-left\">\n\t\t\t<div class=\"penci-fancy-heading-inner\">\n\t\t\t\t<h2 class=\"penci-heading-title\"><span class=\"inner-tit\">Kontakt<\/span><\/h2><div class=\"penci-heading-content entry-content\"><p>Bardzo si\u0119 ciesz\u0119, \u017ce odwiedzi\u0142a\u015b\/odwiedzi\u0142e\u015b moj\u0105 stron\u0119! Je\u015bli masz pytania, chcesz um\u00f3wi\u0107 si\u0119 na sesj\u0119 coachingu indywidualnego b\u0105d\u017a zastanawiasz si\u0119 nad sesj\u0105 ale masz w\u0105tpliwo\u015bci, napisz! Porozmawiajmy! <\/p>\n<\/div>\t\t\t<\/div>\n\t\t<\/div>\n\t\t\t\t<\/div>\n\t\t\t\t<\/div>\n\t\t\t\t\t<\/div>\n\t\t<\/div>\n\t\t\t\t\t<\/div>\n\t\t<\/section>\n\t\t\t\t<section class=\"penci-section penci-disSticky penci-structure-20 elementor-section elementor-top-section elementor-element elementor-element-bdac3bf elementor-section-content-middle elementor-section-boxed elementor-section-height-default elementor-section-height-default\" data-id=\"bdac3bf\" data-element_type=\"section\">\n\t\t\t\t\t\t<div class=\"elementor-container elementor-column-gap-wider\">\n\t\t\t\t\t<div class=\"penci-ercol-50 penci-ercol-order-1 penci-sticky-ct    elementor-column elementor-col-50 elementor-top-column elementor-element elementor-element-3d31657\" data-id=\"3d31657\" data-element_type=\"column\">\n\t\t\t<div class=\"elementor-widget-wrap elementor-element-populated\">\n\t\t\t\t\t\t<div class=\"elementor-element elementor-element-7fd0e7f elementor-widget elementor-widget-image\" data-id=\"7fd0e7f\" data-element_type=\"widget\" data-widget_type=\"image.default\">\n\t\t\t\t<div class=\"elementor-widget-container\">\n\t\t\t\t\t\t\t\t\t\t<figure class=\"wp-caption\">\n\t\t\t\t\t\t\t\t\t\t<img decoding=\"async\" src=\"https:\/\/projektmotylarnia.pl\/wp-content\/uploads\/elementor\/thumbs\/filip-kominik-IHtVbLRjTZU-unsplash-scaled-qsyascc134tvetfg1wifoymcy60xid1eoqcp7lyoeo.jpg\" title=\"filip-kominik-IHtVbLRjTZU-unsplash\" alt=\"\" loading=\"lazy\" \/>\t\t\t\t\t\t\t\t\t\t\t<figcaption class=\"widget-image-caption wp-caption-text\">Fot. Filip Kominik<\/figcaption>\n\t\t\t\t\t\t\t\t\t\t<\/figure>\n\t\t\t\t\t\t\t<\/div>\n\t\t\t\t<\/div>\n\t\t\t\t\t<\/div>\n\t\t<\/div>\n\t\t\t\t<div class=\"penci-ercol-50 penci-ercol-order-2 penci-sticky-ct  penci-dmcheck penci-elbg-activate  elementor-column elementor-col-50 elementor-top-column elementor-element elementor-element-ec36ef5\" data-id=\"ec36ef5\" data-element_type=\"column\" data-settings=\"{&quot;background_background&quot;:&quot;classic&quot;}\">\n\t\t\t<div class=\"elementor-widget-wrap elementor-element-populated\">\n\t\t\t\t\t\t<div class=\"elementor-element elementor-element-73e473c elementor-widget elementor-widget-penci-fancy_heading\" data-id=\"73e473c\" data-element_type=\"widget\" data-widget_type=\"penci-fancy_heading.default\">\n\t\t\t\t<div class=\"elementor-widget-container\">\n\t\t\t\t\t<div class=\"penci-fancy-heading penci-heading-text-left\">\n\t\t\t<div class=\"penci-fancy-heading-inner\">\n\t\t\t\t<h2 class=\"penci-heading-title\"><span class=\"inner-tit\">Napisz do mnie<\/span><\/h2><div class=\"penci-heading-content entry-content\"><p>U\u017cyj tego formularza je\u015bli masz pytania lub chcesz nawi\u0105za\u0107 wsp\u00f3lprac\u0119!<\/p>\n<\/div>\t\t\t<\/div>\n\t\t<\/div>\n\t\t\t\t<\/div>\n\t\t\t\t<\/div>\n\t\t\t\t<div class=\"elementor-element elementor-element-1a80b90 elementor-widget elementor-widget-shortcode\" data-id=\"1a80b90\" data-element_type=\"widget\" data-widget_type=\"shortcode.default\">\n\t\t\t\t<div class=\"elementor-widget-container\">\n\t\t\t\t\t<div class=\"elementor-shortcode\">\n<div class=\"wpcf7 no-js\" id=\"wpcf7-f68-o1\" lang=\"en-US\" dir=\"ltr\">\n<div class=\"screen-reader-response\"><p role=\"status\" aria-live=\"polite\" aria-atomic=\"true\"><\/p> <ul><\/ul><\/div>\n<form action=\"\/index.php\/wp-json\/wp\/v2\/pages\/12#wpcf7-f68-o1\" method=\"post\" class=\"wpcf7-form init\" aria-label=\"Contact form\" novalidate=\"novalidate\" data-status=\"init\">\n<div style=\"display: none;\">\n<input type=\"hidden\" name=\"_wpcf7\" value=\"68\" \/>\n<input type=\"hidden\" name=\"_wpcf7_version\" value=\"5.9.8\" \/>\n<input type=\"hidden\" name=\"_wpcf7_locale\" value=\"en_US\" \/>\n<input type=\"hidden\" name=\"_wpcf7_unit_tag\" value=\"wpcf7-f68-o1\" \/>\n<input type=\"hidden\" name=\"_wpcf7_container_post\" value=\"0\" \/>\n<input type=\"hidden\" name=\"_wpcf7_posted_data_hash\" value=\"\" \/>\n<\/div>\n<p class=\"name\"><span class=\"wpcf7-form-control-wrap\" data-name=\"your-name\"><input size=\"40\" maxlength=\"400\" class=\"wpcf7-form-control wpcf7-text wpcf7-validates-as-required\" aria-required=\"true\" aria-invalid=\"false\" placeholder=\"Imi\u0119*\" value=\"\" type=\"text\" name=\"your-name\" \/><\/span>\n<\/p>\n<p class=\"email\"><span class=\"wpcf7-form-control-wrap\" data-name=\"your-email\"><input size=\"40\" maxlength=\"400\" class=\"wpcf7-form-control wpcf7-email wpcf7-validates-as-required wpcf7-text wpcf7-validates-as-email\" aria-required=\"true\" aria-invalid=\"false\" placeholder=\"E-mail*\" value=\"\" type=\"email\" name=\"your-email\" \/><\/span>\n<\/p>\n<p class=\"subject\"><span class=\"wpcf7-form-control-wrap\" data-name=\"your-subject\"><input size=\"40\" maxlength=\"400\" class=\"wpcf7-form-control wpcf7-text\" aria-invalid=\"false\" placeholder=\"Temat\" value=\"\" type=\"text\" name=\"your-subject\" \/><\/span>\n<\/p>\n<p class=\"message\"><span class=\"wpcf7-form-control-wrap\" data-name=\"your-message\"><textarea cols=\"40\" rows=\"10\" maxlength=\"2000\" class=\"wpcf7-form-control wpcf7-textarea wpcf7-validates-as-required\" aria-required=\"true\" aria-invalid=\"false\" placeholder=\"Wiadomo\u015b\u0107\" name=\"your-message\"><\/textarea><\/span>\n<\/p>\n<p class=\"submit\"><input class=\"wpcf7-form-control wpcf7-submit has-spinner\" type=\"submit\" value=\"Wy\u015blij\" \/>\n<\/p><div class=\"wpcf7-response-output\" aria-hidden=\"true\"><\/div>\n<\/form>\n<\/div>\n<\/div>\n\t\t\t\t<\/div>\n\t\t\t\t<\/div>\n\t\t\t\t\t<\/div>\n\t\t<\/div>\n\t\t\t\t\t<\/div>\n\t\t<\/section>\n\t\t\t\t<section class=\"penci-section penci-dmcheck penci-elbg-activate penci-disSticky penci-structure-30 elementor-section elementor-top-section elementor-element elementor-element-a50b2b9 elementor-section-boxed elementor-section-height-default elementor-section-height-default\" data-id=\"a50b2b9\" data-element_type=\"section\" data-settings=\"{&quot;background_background&quot;:&quot;classic&quot;}\">\n\t\t\t\t\t\t<div class=\"elementor-container elementor-column-gap-extended\">\n\t\t\t\t\t<div class=\"penci-ercol-33 penci-ercol-order-1 penci-sticky-sb penci-sidebarSC   elementor-column elementor-col-33 elementor-top-column elementor-element elementor-element-0ca759b\" data-id=\"0ca759b\" data-element_type=\"column\">\n\t\t\t<div class=\"elementor-widget-wrap elementor-element-populated\">\n\t\t\t\t\t\t<div class=\"elementor-element elementor-element-fe3610f elementor-widget elementor-widget-penci-info-box\" data-id=\"fe3610f\" data-element_type=\"widget\" data-widget_type=\"penci-info-box.default\">\n\t\t\t\t<div class=\"elementor-widget-container\">\n\t\t\t        <div id=\"penci_info_box_6238\" class=\"penci-block-vc penci-info-box penci-ibox-float-left penci-view-default penci-shape-circle\">\n            <div class=\"penci-ibox-inner\">\n\t\t\t\t\t\t\t\t<div class=\"penci-ibox-icon penci-ibox-icon--icon penci-icon penci-tibox-icon\"><span class=\"penci-ibox-icon-fa\"><i class=\"penci-ibox-icon--i fa fa-envelope\" aria-hidden=\"true\"><\/i><\/span><\/div>                <div class=\"penci-ibox-content-wrap\">\n\t\t\t\t\t\t\t\t\t\t<h3\n                            class=\"penci-ibox-title\">m.machowska@projektmotylarnia.pl<\/h3>\t\t\t\t\t\t\t\t\t\t\t\t\t\t\t                <\/div>\n            <\/div>\n        <\/div>\n\t\t\t\t<\/div>\n\t\t\t\t<\/div>\n\t\t\t\t\t<\/div>\n\t\t<\/div>\n\t\t\t\t<div class=\"penci-ercol-33 penci-ercol-order-2 penci-sticky-sb penci-sidebarSC   elementor-column elementor-col-33 elementor-top-column elementor-element elementor-element-5904bd1\" data-id=\"5904bd1\" data-element_type=\"column\">\n\t\t\t<div class=\"elementor-widget-wrap elementor-element-populated\">\n\t\t\t\t\t\t<div class=\"elementor-element elementor-element-5512630 elementor-widget elementor-widget-penci-info-box\" data-id=\"5512630\" data-element_type=\"widget\" data-widget_type=\"penci-info-box.default\">\n\t\t\t\t<div class=\"elementor-widget-container\">\n\t\t\t        <div id=\"penci_info_box_82703\" class=\"penci-block-vc penci-info-box penci-ibox-float-left penci-view-default penci-shape-circle\">\n            <div class=\"penci-ibox-inner\">\n\t\t\t\t\t\t\t\t<div class=\"penci-ibox-icon penci-ibox-icon--icon penci-icon penci-tibox-icon\"><span class=\"penci-ibox-icon-fa\"><i class=\"penci-ibox-icon--i fa fa-mobile\" aria-hidden=\"true\"><\/i><\/span><\/div>                <div class=\"penci-ibox-content-wrap\">\n\t\t\t\t\t\t\t\t\t\t<h3\n                            class=\"penci-ibox-title\">+48 694 759 716<\/h3>\t\t\t\t\t\t\t\t\t\t\t\t\t\t\t                <\/div>\n            <\/div>\n        <\/div>\n\t\t\t\t<\/div>\n\t\t\t\t<\/div>\n\t\t\t\t\t<\/div>\n\t\t<\/div>\n\t\t\t\t<div class=\"penci-ercol-33 penci-ercol-order-3 penci-sticky-sb penci-sidebarSC   elementor-column elementor-col-33 elementor-top-column elementor-element elementor-element-2d764f1\" data-id=\"2d764f1\" data-element_type=\"column\">\n\t\t\t<div class=\"elementor-widget-wrap\">\n\t\t\t\t\t\t\t<\/div>\n\t\t<\/div>\n\t\t\t\t\t<\/div>\n\t\t<\/section>\n\t\t\t\t<\/div>\n\t\t","protected":false},"excerpt":{"rendered":"<p>Kontakt Bardzo si\u0119 ciesz\u0119, \u017ce odwiedzi\u0142a\u015b\/odwiedzi\u0142e\u015b moj\u0105 stron\u0119! Je\u015bli masz pytania, chcesz um\u00f3wi\u0107 si\u0119 na sesj\u0119 coachingu indywidualnego b\u0105d\u017a zastanawiasz si\u0119 nad sesj\u0105 ale masz w\u0105tpliwo\u015bci, napisz! Porozmawiajmy! Fot. Filip&hellip;<\/p>\n","protected":false},"author":1,"featured_media":0,"parent":0,"menu_order":0,"comment_status":"closed","ping_status":"closed","template":"page-fullwidth.php","meta":{"_lmt_disableupdate":"","_lmt_disable":"","footnotes":""},"class_list":["post-12","page","type-page","status-publish","hentry"],"yoast_head":"<!-- This site is optimized with the Yoast SEO plugin v23.6 - https:\/\/yoast.com\/wordpress\/plugins\/seo\/ -->\n<title>Kontakt - Magdalena Machowska - Coach - projektmotylarnia.pl<\/title>\n<meta name=\"robots\" content=\"index, follow, max-snippet:-1, max-image-preview:large, max-video-preview:-1\" \/>\n<link rel=\"canonical\" href=\"https:\/\/projektmotylarnia.pl\/index.php\/contact\/\" \/>\n<meta property=\"og:locale\" content=\"pl_PL\" \/>\n<meta property=\"og:type\" content=\"article\" \/>\n<meta property=\"og:title\" content=\"Kontakt - Magdalena Machowska - Coach - projektmotylarnia.pl\" \/>\n<meta property=\"og:description\" content=\"Kontakt Bardzo si\u0119 ciesz\u0119, \u017ce odwiedzi\u0142a\u015b\/odwiedzi\u0142e\u015b moj\u0105 stron\u0119! Je\u015bli masz pytania, chcesz um\u00f3wi\u0107 si\u0119 na sesj\u0119 coachingu indywidualnego b\u0105d\u017a zastanawiasz si\u0119 nad sesj\u0105 ale masz w\u0105tpliwo\u015bci, napisz! Porozmawiajmy! Fot. Filip&hellip;\" \/>\n<meta property=\"og:url\" content=\"https:\/\/projektmotylarnia.pl\/index.php\/contact\/\" \/>\n<meta property=\"og:site_name\" content=\"Magdalena Machowska - Coach - projektmotylarnia.pl\" \/>\n<meta property=\"article:publisher\" content=\"Magda Machowska\" \/>\n<meta property=\"article:modified_time\" content=\"2024-09-03T08:48:57+00:00\" \/>\n<meta property=\"og:image\" content=\"https:\/\/projektmotylarnia.pl\/wp-content\/uploads\/elementor\/thumbs\/filip-kominik-IHtVbLRjTZU-unsplash-scaled-qsyascc134tvetfg1wifoymcy60xid1eoqcp7lyoeo.jpg\" \/>\n<meta name=\"twitter:card\" content=\"summary_large_image\" \/>\n<script type=\"application\/ld+json\" class=\"yoast-schema-graph\">{\"@context\":\"https:\/\/schema.org\",\"@graph\":[{\"@type\":\"WebPage\",\"@id\":\"https:\/\/projektmotylarnia.pl\/index.php\/contact\/\",\"url\":\"https:\/\/projektmotylarnia.pl\/index.php\/contact\/\",\"name\":\"Kontakt - Magdalena Machowska - Coach - projektmotylarnia.pl\",\"isPartOf\":{\"@id\":\"https:\/\/projektmotylarnia.pl\/#website\"},\"primaryImageOfPage\":{\"@id\":\"https:\/\/projektmotylarnia.pl\/index.php\/contact\/#primaryimage\"},\"image\":{\"@id\":\"https:\/\/projektmotylarnia.pl\/index.php\/contact\/#primaryimage\"},\"thumbnailUrl\":\"https:\/\/projektmotylarnia.pl\/wp-content\/uploads\/elementor\/thumbs\/filip-kominik-IHtVbLRjTZU-unsplash-scaled-qsyascc134tvetfg1wifoymcy60xid1eoqcp7lyoeo.jpg\",\"datePublished\":\"2020-01-10T02:52:07+00:00\",\"dateModified\":\"2024-09-03T08:48:57+00:00\",\"breadcrumb\":{\"@id\":\"https:\/\/projektmotylarnia.pl\/index.php\/contact\/#breadcrumb\"},\"inLanguage\":\"pl-PL\",\"potentialAction\":[{\"@type\":\"ReadAction\",\"target\":[\"https:\/\/projektmotylarnia.pl\/index.php\/contact\/\"]}]},{\"@type\":\"ImageObject\",\"inLanguage\":\"pl-PL\",\"@id\":\"https:\/\/projektmotylarnia.pl\/index.php\/contact\/#primaryimage\",\"url\":\"https:\/\/projektmotylarnia.pl\/wp-content\/uploads\/elementor\/thumbs\/filip-kominik-IHtVbLRjTZU-unsplash-scaled-qsyascc134tvetfg1wifoymcy60xid1eoqcp7lyoeo.jpg\",\"contentUrl\":\"https:\/\/projektmotylarnia.pl\/wp-content\/uploads\/elementor\/thumbs\/filip-kominik-IHtVbLRjTZU-unsplash-scaled-qsyascc134tvetfg1wifoymcy60xid1eoqcp7lyoeo.jpg\"},{\"@type\":\"BreadcrumbList\",\"@id\":\"https:\/\/projektmotylarnia.pl\/index.php\/contact\/#breadcrumb\",\"itemListElement\":[{\"@type\":\"ListItem\",\"position\":1,\"name\":\"Strona g\u0142\u00f3wna\",\"item\":\"https:\/\/projektmotylarnia.pl\/\"},{\"@type\":\"ListItem\",\"position\":2,\"name\":\"Kontakt\"}]},{\"@type\":\"WebSite\",\"@id\":\"https:\/\/projektmotylarnia.pl\/#website\",\"url\":\"https:\/\/projektmotylarnia.pl\/\",\"name\":\"Magdalena Machowska - Coach - projektmotylarnia.pl\",\"description\":\"\",\"publisher\":{\"@id\":\"https:\/\/projektmotylarnia.pl\/#\/schema\/person\/af74a6e0b5688a23cda591590b083c1a\"},\"potentialAction\":[{\"@type\":\"SearchAction\",\"target\":{\"@type\":\"EntryPoint\",\"urlTemplate\":\"https:\/\/projektmotylarnia.pl\/?s={search_term_string}\"},\"query-input\":{\"@type\":\"PropertyValueSpecification\",\"valueRequired\":true,\"valueName\":\"search_term_string\"}}],\"inLanguage\":\"pl-PL\"},{\"@type\":[\"Person\",\"Organization\"],\"@id\":\"https:\/\/projektmotylarnia.pl\/#\/schema\/person\/af74a6e0b5688a23cda591590b083c1a\",\"name\":\"Magdalena Machowska\",\"image\":{\"@type\":\"ImageObject\",\"inLanguage\":\"pl-PL\",\"@id\":\"https:\/\/projektmotylarnia.pl\/#\/schema\/person\/image\/\",\"url\":\"https:\/\/projektmotylarnia.pl\/wp-content\/uploads\/2024\/08\/Motylarnia.-7.png\",\"contentUrl\":\"https:\/\/projektmotylarnia.pl\/wp-content\/uploads\/2024\/08\/Motylarnia.-7.png\",\"width\":500,\"height\":81,\"caption\":\"Magdalena Machowska\"},\"logo\":{\"@id\":\"https:\/\/projektmotylarnia.pl\/#\/schema\/person\/image\/\"},\"sameAs\":[\"https:\/\/projektmotylarnia.pl\",\"Magda Machowska\",\"Magda_Machowska_\",\"https:\/\/www.linkedin.com\/in\/magdalena-machowska-she-her-2267b31a9\/?utm_source=share&utm_campaign=share_via&utm_content=profile&utm_medium=android_app\"]}]}<\/script>\n<!-- \/ Yoast SEO plugin. -->","yoast_head_json":{"title":"Kontakt - Magdalena Machowska - Coach - projektmotylarnia.pl","robots":{"index":"index","follow":"follow","max-snippet":"max-snippet:-1","max-image-preview":"max-image-preview:large","max-video-preview":"max-video-preview:-1"},"canonical":"https:\/\/projektmotylarnia.pl\/index.php\/contact\/","og_locale":"pl_PL","og_type":"article","og_title":"Kontakt - Magdalena Machowska - Coach - projektmotylarnia.pl","og_description":"Kontakt Bardzo si\u0119 ciesz\u0119, \u017ce odwiedzi\u0142a\u015b\/odwiedzi\u0142e\u015b moj\u0105 stron\u0119! Je\u015bli masz pytania, chcesz um\u00f3wi\u0107 si\u0119 na sesj\u0119 coachingu indywidualnego b\u0105d\u017a zastanawiasz si\u0119 nad sesj\u0105 ale masz w\u0105tpliwo\u015bci, napisz! Porozmawiajmy! Fot. Filip&hellip;","og_url":"https:\/\/projektmotylarnia.pl\/index.php\/contact\/","og_site_name":"Magdalena Machowska - Coach - projektmotylarnia.pl","article_publisher":"Magda Machowska","article_modified_time":"2024-09-03T08:48:57+00:00","og_image":[{"url":"https:\/\/projektmotylarnia.pl\/wp-content\/uploads\/elementor\/thumbs\/filip-kominik-IHtVbLRjTZU-unsplash-scaled-qsyascc134tvetfg1wifoymcy60xid1eoqcp7lyoeo.jpg"}],"twitter_card":"summary_large_image","schema":{"@context":"https:\/\/schema.org","@graph":[{"@type":"WebPage","@id":"https:\/\/projektmotylarnia.pl\/index.php\/contact\/","url":"https:\/\/projektmotylarnia.pl\/index.php\/contact\/","name":"Kontakt - Magdalena Machowska - Coach - projektmotylarnia.pl","isPartOf":{"@id":"https:\/\/projektmotylarnia.pl\/#website"},"primaryImageOfPage":{"@id":"https:\/\/projektmotylarnia.pl\/index.php\/contact\/#primaryimage"},"image":{"@id":"https:\/\/projektmotylarnia.pl\/index.php\/contact\/#primaryimage"},"thumbnailUrl":"https:\/\/projektmotylarnia.pl\/wp-content\/uploads\/elementor\/thumbs\/filip-kominik-IHtVbLRjTZU-unsplash-scaled-qsyascc134tvetfg1wifoymcy60xid1eoqcp7lyoeo.jpg","datePublished":"2020-01-10T02:52:07+00:00","dateModified":"2024-09-03T08:48:57+00:00","breadcrumb":{"@id":"https:\/\/projektmotylarnia.pl\/index.php\/contact\/#breadcrumb"},"inLanguage":"pl-PL","potentialAction":[{"@type":"ReadAction","target":["https:\/\/projektmotylarnia.pl\/index.php\/contact\/"]}]},{"@type":"ImageObject","inLanguage":"pl-PL","@id":"https:\/\/projektmotylarnia.pl\/index.php\/contact\/#primaryimage","url":"https:\/\/projektmotylarnia.pl\/wp-content\/uploads\/elementor\/thumbs\/filip-kominik-IHtVbLRjTZU-unsplash-scaled-qsyascc134tvetfg1wifoymcy60xid1eoqcp7lyoeo.jpg","contentUrl":"https:\/\/projektmotylarnia.pl\/wp-content\/uploads\/elementor\/thumbs\/filip-kominik-IHtVbLRjTZU-unsplash-scaled-qsyascc134tvetfg1wifoymcy60xid1eoqcp7lyoeo.jpg"},{"@type":"BreadcrumbList","@id":"https:\/\/projektmotylarnia.pl\/index.php\/contact\/#breadcrumb","itemListElement":[{"@type":"ListItem","position":1,"name":"Strona g\u0142\u00f3wna","item":"https:\/\/projektmotylarnia.pl\/"},{"@type":"ListItem","position":2,"name":"Kontakt"}]},{"@type":"WebSite","@id":"https:\/\/projektmotylarnia.pl\/#website","url":"https:\/\/projektmotylarnia.pl\/","name":"Magdalena Machowska - Coach - projektmotylarnia.pl","description":"","publisher":{"@id":"https:\/\/projektmotylarnia.pl\/#\/schema\/person\/af74a6e0b5688a23cda591590b083c1a"},"potentialAction":[{"@type":"SearchAction","target":{"@type":"EntryPoint","urlTemplate":"https:\/\/projektmotylarnia.pl\/?s={search_term_string}"},"query-input":{"@type":"PropertyValueSpecification","valueRequired":true,"valueName":"search_term_string"}}],"inLanguage":"pl-PL"},{"@type":["Person","Organization"],"@id":"https:\/\/projektmotylarnia.pl\/#\/schema\/person\/af74a6e0b5688a23cda591590b083c1a","name":"Magdalena Machowska","image":{"@type":"ImageObject","inLanguage":"pl-PL","@id":"https:\/\/projektmotylarnia.pl\/#\/schema\/person\/image\/","url":"https:\/\/projektmotylarnia.pl\/wp-content\/uploads\/2024\/08\/Motylarnia.-7.png","contentUrl":"https:\/\/projektmotylarnia.pl\/wp-content\/uploads\/2024\/08\/Motylarnia.-7.png","width":500,"height":81,"caption":"Magdalena Machowska"},"logo":{"@id":"https:\/\/projektmotylarnia.pl\/#\/schema\/person\/image\/"},"sameAs":["https:\/\/projektmotylarnia.pl","Magda Machowska","Magda_Machowska_","https:\/\/www.linkedin.com\/in\/magdalena-machowska-she-her-2267b31a9\/?utm_source=share&utm_campaign=share_via&utm_content=profile&utm_medium=android_app"]}]}},"_links":{"self":[{"href":"https:\/\/projektmotylarnia.pl\/index.php\/wp-json\/wp\/v2\/pages\/12","targetHints":{"allow":["GET"]}}],"collection":[{"href":"https:\/\/projektmotylarnia.pl\/index.php\/wp-json\/wp\/v2\/pages"}],"about":[{"href":"https:\/\/projektmotylarnia.pl\/index.php\/wp-json\/wp\/v2\/types\/page"}],"author":[{"embeddable":true,"href":"https:\/\/projektmotylarnia.pl\/index.php\/wp-json\/wp\/v2\/users\/1"}],"replies":[{"embeddable":true,"href":"https:\/\/projektmotylarnia.pl\/index.php\/wp-json\/wp\/v2\/comments?post=12"}],"version-history":[{"count":12,"href":"https:\/\/projektmotylarnia.pl\/index.php\/wp-json\/wp\/v2\/pages\/12\/revisions"}],"predecessor-version":[{"id":1723,"href":"https:\/\/projektmotylarnia.pl\/index.php\/wp-json\/wp\/v2\/pages\/12\/revisions\/1723"}],"wp:attachment":[{"href":"https:\/\/projektmotylarnia.pl\/index.php\/wp-json\/wp\/v2\/media?parent=12"}],"curies":[{"name":"wp","href":"https:\/\/api.w.org\/{rel}","templated":true}]}}